{"id":1661,"date":"2024-12-13T12:41:54","date_gmt":"2024-12-13T11:41:54","guid":{"rendered":"https:\/\/ginaobrist.com\/customized-artwork\/"},"modified":"2026-04-15T19:20:30","modified_gmt":"2026-04-15T17:20:30","slug":"customized-artwork","status":"publish","type":"page","link":"https:\/\/ginaobrist.com\/de\/customized-artwork\/","title":{"rendered":"Kunst nach Mass"},"content":{"rendered":"<div class=\"wpb-content-wrapper\"><p>[vc_row type=&#8220;boxed&#8220;][vc_column width=&#8220;5\/6&#8243; offset=&#8220;vc_col-sm-offset-1&#8243;][vc_empty_space height=&#8220;47px&#8220;][vc_column_text css=&#8220;&#8220; css_animation=&#8220;&#8220;]<\/p>\n<h1>Kunst nach Mass.<\/h1>\n<h1>Ausdrucksstarke Bilder, auf Ihre Vorlieben abgestimmt.<\/h1>\n<p>[\/vc_column_text][vc_empty_space height=&#8220;43px&#8220;]\r\n\t\t\t<div class=\"nm-banner content-full image-type-css text-color-dark subtitle-below\" style=\"background-color: #eeeeee;\"><div class=\"nm-banner-image\" style=\" min-height:55px; background-image:url(https:\/\/ginaobrist.com\/wp-content\/uploads\/2023\/06\/IMG_5906-scaled.jpg);\"><\/div>\r\n\t\t\t<\/div>[vc_empty_space height=&#8220;43px&#8220;][\/vc_column][\/vc_row][vc_row type=&#8220;boxed&#8220;][vc_column width=&#8220;1\/4&#8243; offset=&#8220;vc_col-sm-offset-1&#8243;][vc_column_text css=&#8220;&#8220; css_animation=&#8220;&#8220;]<\/p>\n<h4>Die Vision<\/h4>\n<p>[\/vc_column_text][vc_empty_space height=&#8220;17px&#8220;][vc_column_text css=&#8220;&#8220;]Meine Leidenschaft liegt in der Erschaffung abstrakter Gem\u00e4lde. Mit jedem Pinselstrich verfolge ich das Ziel, Ihre W\u00fcnsche mit meinem individuellen Stil auf unterschiedliche Oberfl\u00e4chen zu \u00fcbertragen.<\/p>\n<p>Der Ausdruck meiner Kreativit\u00e4t \u00fcber diese Medien erm\u00f6glicht es mir, verschiedene Dimensionen der Kunst zu erkunden. Besonders fasziniert mich das Zusammenspiel von Form, Farbe und Struktur \u2013 daraus entstehen Werke, die die Sinne ansprechen und in ihren Bann ziehen.<\/p>\n<p>Ob Sie Ihrem Wohnzimmer einen besonderen Farbakzent verleihen m\u00f6chten oder ein ausdrucksstarkes Kunstwerk f\u00fcr Ihr B\u00fcro suchen \u2013 ich arbeite eng mit meinen Kundinnen und Kund:innen zusammen, um ihre Ideen Wirklichkeit werden zu lassen. Von der Bestimmung der perfekten Gr\u00f6sse und Form bis hin zur Auswahl von Farben, die mit Ihrem Raum harmonieren, gestalten wirgGemeinsam ein Kunstobjekt, das sich ideal in Ihr Zuhause oder Arbeitsumfeld einf\u00fcgt und Ihre Pers\u00f6nlichkeit widerspiegelt.<\/p>\n<p>Ich freue mich darauf, gemeinsam mit Ihnen etwas Einzigartiges zu schaffen. Lassen Sie uns Ihre Vision gemeinsam verwirklichen![\/vc_column_text][\/vc_column][vc_column width=&#8220;7\/12&#8243;][vc_single_image image=&#8220;1660&#8243; img_size=&#8220;full&#8220;][\/vc_column][\/vc_row][vc_row type=&#8220;boxed&#8220;][vc_column][vc_empty_space height=&#8220;43px&#8220;]\r\n\t\t\t<div class=\"nm-banner content-full image-type-css text-color-dark subtitle-below\" style=\"background-color: #eeeeee;\"><div class=\"nm-banner-image\" style=\" min-height:710px; background-image:url(https:\/\/ginaobrist.com\/wp-content\/uploads\/2025\/07\/Gina_Moonstories_Photography-83.jpg);\"><\/div>\r\n\t\t\t<\/div>[vc_empty_space height=&#8220;47px&#8220;][\/vc_column][\/vc_row][vc_row type=&#8220;boxed&#8220;][vc_column width=&#8220;1\/4&#8243; offset=&#8220;vc_col-sm-offset-1&#8243;][vc_column_text css=&#8220;&#8220; css_animation=&#8220;&#8220;]<\/p>\n<h4>Zusammenarbeit<\/h4>\n<p>[\/vc_column_text][vc_empty_space height=&#8220;17px&#8220;][\/vc_column][vc_column width=&#8220;7\/12&#8243;][vc_column_text css=&#8220;&#8220; css_animation=&#8220;&#8220;]Verwandeln Sie Ihre R\u00e4umlichkeiten mit massgeschneiderter Kunst. Als K\u00fcnstlerin mit der Leidenschaft, bedeutungsvolle Verbindungen durch Kunst zu schaffen, habe ich mich auf personalisierte Kunstwerke spezialisiert, die auf Ihre individuellen W\u00fcnsche abgestimmt sind. Ganz gleich, ob Sie eine konkrete Vision vor Augen haben oder ein wenig Inspiration ben\u00f6tigen \u2013 ich begleite Sie bei jedem Schritt des kreativen Prozesses.<\/p>\n<p><strong>Vorgehensweise:<\/strong><\/p>\n<p>Mein Prozess ist simpel und kollaborativ. Ich lade Sie ein, direkt mit mir in Kontakt zu treten, damit wir Ihre Ideen, W\u00fcnsche und die Atmosph\u00e4re Ihrer R\u00e4umlichkeiten evaluieren k\u00f6nnen. Gemeinsam entwerfen wir die perfekte Gr\u00f6sse, Form und Farbpalette, die sich nahtlos in die \u00c4sthetik Ihres Raumes einf\u00fcgt. Mein Ziel ist es nicht nur, Kunst zu schaffen, sondern ein Erlebnis zu kuratieren, das Sie auf einer tiefgr\u00fcndigen Ebene anspricht.<\/p>\n<p>Lassen Sie uns die Reise beginnen, ein einzigartiges Kunstwerk zu erschaffen, das inspiriert und Ihre Umgebung bereichert. Kontaktieren Sie mich noch heute, um Ihre k\u00fcnstlerische Vision zum Leben zu erwecken.[\/vc_column_text][\/vc_column][\/vc_row][vc_row type=&#8220;full-nopad&#8220;][vc_column][vc_empty_space height=&#8220;40&#8243;][\/vc_column][\/vc_row][vc_row type=&#8220;boxed&#8220;][vc_column width=&#8220;1\/4&#8243; offset=&#8220;vc_col-sm-offset-1&#8243;][vc_column_text css=&#8220;&#8220; css_animation=&#8220;&#8220;]<\/p>\n<h4>Kontaktaufnahme<\/h4>\n<p>[\/vc_column_text][vc_empty_space height=&#8220;17px&#8220;][\/vc_column][vc_column width=&#8220;7\/12&#8243;][vc_column_text css=&#8220;&#8220; css_animation=&#8220;&#8220;]Telefon: +41 79 814 67 37<\/p>\n<p><a href=\"mailto:info@ginaobrist.com\">info@ginaobrist.com<\/a><\/p>\n<p>Montag bis Freitag: 08.00 &#8211; 18.00 Uhr[\/vc_column_text][vc_empty_space height=&#8220;17px&#8220;]\r\n\t\t\t<div class=\"nm_btn_align_left\">\r\n\t\t\t\t<a href=\"https:\/\/ginaobrist.com\/de\/kontakt\/\" class=\"nm_btn nm_btn_sm nm_btn_filled\" title=\"Kontakt\">\r\n\t\t\t\t\t<span class=\"nm_btn_title\">Kontaktseite<\/span>\r\n\t\t\t\t\t<span class=\"nm_btn_bg\"><\/span>\r\n\t\t\t\t<\/a>\r\n\t\t\t<\/div>[\/vc_column][\/vc_row][vc_row type=&#8220;full-nopad&#8220;][vc_column][vc_empty_space height=&#8220;50&#8243;]\r\n\t\t\t<div class=\"nm-banner content-full image-type-css text-color-dark subtitle-below\" style=\"\"><div class=\"nm-banner-image\" style=\" min-height:110px; background-image:url(https:\/\/ginaobrist.com\/wp-content\/uploads\/2023\/06\/IMG_5874-scaled.jpg);\"><\/div>\r\n\t\t\t<\/div>[vc_empty_space height=&#8220;50&#8243;]\r\n\t\t\t<div class=\"nm-banner content-full image-type-css text-color-dark subtitle-below\" style=\"\"><div class=\"nm-banner-image\" style=\" min-height:110px; background-image:url(https:\/\/ginaobrist.com\/wp-content\/uploads\/2023\/06\/IMG_5929-scaled.jpg);\"><\/div>\r\n\t\t\t<\/div>[vc_empty_space height=&#8220;50&#8243;]\r\n\t\t\t<div class=\"nm-banner content-full image-type-css text-color-dark subtitle-below\" style=\"\"><div class=\"nm-banner-image\" style=\" min-height:110px; background-image:url(https:\/\/ginaobrist.com\/wp-content\/uploads\/2023\/06\/IMG_5906-scaled.jpg);\"><\/div>\r\n\t\t\t<\/div>[vc_empty_space height=&#8220;100&#8243;][\/vc_column][\/vc_row]<\/p>\n<\/div>","protected":false},"excerpt":{"rendered":"<p>[vc_row type=&#8220;boxed&#8220;][vc_column width=&#8220;5\/6&#8243; offset=&#8220;vc_col-sm-offset-1&#8243;][vc_empty_space height=&#8220;47px&#8220;][vc_column_text css=&#8220;&#8220; css_animation=&#8220;&#8220;] Kunst nach Mass. Ausdrucksstarke Bilder, auf Ihre Vorlieben abgestimmt. [\/vc_column_text][vc_empty_space height=&#8220;43px&#8220;][vc_empty_space height=&#8220;43px&#8220;][\/vc_column][\/vc_row][vc_row type=&#8220;boxed&#8220;][vc_column width=&#8220;1\/4&#8243; offset=&#8220;vc_col-sm-offset-1&#8243;][vc_column_text css=&#8220;&#8220; css_animation=&#8220;&#8220;] Die Vision [\/vc_column_text][vc_empty_space height=&#8220;17px&#8220;][vc_column_text css=&#8220;&#8220;]Meine Leidenschaft liegt in der Erschaffung abstrakter Gem\u00e4lde. Mit jedem Pinselstrich verfolge ich das Ziel, Ihre W\u00fcnsche mit meinem individuellen Stil auf unterschiedliche Oberfl\u00e4chen zu \u00fcbertragen. Der &hellip;<\/p>\n","protected":false},"author":1,"featured_media":0,"parent":0,"menu_order":0,"comment_status":"closed","ping_status":"closed","template":"","meta":{"footnotes":""},"class_list":["post-1661","page","type-page","status-publish","hentry"],"_links":{"self":[{"href":"https:\/\/ginaobrist.com\/de\/wp-json\/wp\/v2\/pages\/1661","targetHints":{"allow":["GET"]}}],"collection":[{"href":"https:\/\/ginaobrist.com\/de\/wp-json\/wp\/v2\/pages"}],"about":[{"href":"https:\/\/ginaobrist.com\/de\/wp-json\/wp\/v2\/types\/page"}],"author":[{"embeddable":true,"href":"https:\/\/ginaobrist.com\/de\/wp-json\/wp\/v2\/users\/1"}],"replies":[{"embeddable":true,"href":"https:\/\/ginaobrist.com\/de\/wp-json\/wp\/v2\/comments?post=1661"}],"version-history":[{"count":28,"href":"https:\/\/ginaobrist.com\/de\/wp-json\/wp\/v2\/pages\/1661\/revisions"}],"predecessor-version":[{"id":1769,"href":"https:\/\/ginaobrist.com\/de\/wp-json\/wp\/v2\/pages\/1661\/revisions\/1769"}],"wp:attachment":[{"href":"https:\/\/ginaobrist.com\/de\/wp-json\/wp\/v2\/media?parent=1661"}],"curies":[{"name":"wp","href":"https:\/\/api.w.org\/{rel}","templated":true}]}}