{"id":1683,"date":"2015-08-12T12:27:19","date_gmt":"2015-08-12T10:27:19","guid":{"rendered":"https:\/\/ginaobrist.com\/unternehmensberatung\/"},"modified":"2026-04-15T19:39:33","modified_gmt":"2026-04-15T17:39:33","slug":"unternehmensberatung","status":"publish","type":"page","link":"https:\/\/ginaobrist.com\/de\/unternehmensberatung\/","title":{"rendered":"Unternehmensberatung"},"content":{"rendered":"<div class=\"wpb-content-wrapper\"><p>[vc_row][vc_column][vc_empty_space height=&#8220;47px&#8220;][vc_column_text css=&#8220;&#8220;]<\/p>\n<h1>Regionale Unternehmensberatung f\u00fcr wirkungsvolle Transformation.<\/h1>\n<h1>Menschen, Ziele und Leistung im Einklang.<\/h1>\n<p>[\/vc_column_text][vc_empty_space height=&#8220;43px&#8220;][\/vc_column][\/vc_row][vc_row type=&#8220;boxed&#8220;][vc_column]\r\n\t\t\t<div class=\"nm-banner content-full image-type-fluid text-color-dark subtitle-below\" style=\"\"><img loading=\"lazy\" decoding=\"async\" src=\"https:\/\/ginaobrist.com\/wp-content\/uploads\/2025\/07\/22-scaled-e1776273701702.jpg\" width=\"1727\" height=\"1530\" alt=\"22\" \/>\r\n\t\t\t<\/div>[\/vc_column][\/vc_row][vc_row type=&#8220;boxed&#8220;][vc_column][vc_empty_space height=&#8220;47px&#8220;][\/vc_column][\/vc_row][vc_row type=&#8220;boxed&#8220;][vc_column width=&#8220;1\/4&#8243; offset=&#8220;vc_col-sm-offset-1&#8243;][vc_column_text css=&#8220;&#8220;]<\/p>\n<h4>Angebot<\/h4>\n<p>[\/vc_column_text][vc_empty_space height=&#8220;17px&#8220;][\/vc_column][vc_column width=&#8220;7\/12&#8243;][vc_column_text css=&#8220;&#8220;]Ich bin eine <strong><strong>Unternehmens- und Strategieberaterin<\/strong><\/strong> aus Biel mit fundierter und langj\u00e4hriger Arbeitserfahrung in Kommunikation, Marketing, Leadership und Organisationsentwicklung.<\/p>\n<p>Ich verf\u00fcge \u00fcber einen Bachelorabschluss in Medien- und Kommunikationswissenschaften sowie einen Masterabschluss in Business Communications. Im Laufe meiner Karriere erg\u00e4nzte ich mein Fachwissen kontinuierlich durch Weiterbildungen in Unternehmensf\u00fchrung, Coaching, Leadership, Innovationsmanagement und Facilitation.<\/p>\n<p>In den vergangenen Jahren war ich umfassend im Bereich Marketing und Kommunikation t\u00e4tig \u2013 sowohl als Fachspezialistin als auch in F\u00fchrungsfunktionen. Als Teamleiterin war ich nicht nur f\u00fcr die F\u00fchrung von Menschen und Projekten verantwortlich, sondern auch aktiv an der Gestaltung und Weiterentwicklung von Unternehmenskulturen beteiligt. Diese Erfahrung hat meine Leidenschaft daf\u00fcr geweckt, Unternehmen von innen heraus zu st\u00e4rken und weiterzuentwickeln.<\/p>\n<p>Mein Angebot spezialisiert sich auf:<\/p>\n<ul>\n<li style=\"text-align: left;\">Marketing- und Kommunikationsberatung<\/li>\n<li style=\"text-align: left;\">Strategieentwicklung<\/li>\n<li style=\"text-align: left;\">Teamentwicklung<\/li>\n<li style=\"text-align: left;\">Kulturentwicklung<\/li>\n<\/ul>\n<p>&nbsp;<\/p>\n<p>Eine zweite, ebenso wichtige Leidenschaft meiner Arbeit ist die <strong data-start=\"169\" data-end=\"199\">Innenarchitekturberatung.<\/strong> R\u00e4ume haben einen erheblichen Einfluss auf Kommunikation, Zusammenarbeit und das allgemeine Wohlbefinden. Deshalb unterst\u00fctze ich Unternehmen und Privatpersonen dabei, Arbeits- und Lebensr\u00e4ume zu gestalten, die Identit\u00e4t, Kultur und Funktionalit\u00e4t authentisch widerspiegeln<\/p>\n<p>Ich arbeite mit Unternehmen, Teams und Einzelpersonen, die bereit sind, sich weiterzuentwickeln \u2013 sei es durch klarere Kommunikation, Vision und Strategien, st\u00e4rkere Teams und eine gelebte Kultur oder durch R\u00e4ume, die Sinn, Wirkung und Pers\u00f6nlichkeit vermitteln.<\/p>\n<p>Lassen Sie uns in Kontakt treten und Ihre Vision gemeinsam entdecken und umsetzen.[\/vc_column_text][\/vc_column][\/vc_row][vc_row][vc_column][vc_empty_space height=&#8220;40&#8243;][\/vc_column][\/vc_row][vc_row type=&#8220;boxed&#8220;][vc_column width=&#8220;1\/4&#8243; offset=&#8220;vc_col-sm-offset-1&#8243;][vc_column_text css=&#8220;&#8220;]<\/p>\n<h4>Kontaktieren Sie mich<\/h4>\n<p>[\/vc_column_text][vc_empty_space height=&#8220;17px&#8220;][\/vc_column][vc_column width=&#8220;7\/12&#8243;][vc_column_text css=&#8220;&#8220;]Telefon: +41 79 814 67 37<br \/>\n<a href=\"mailto:info@ginaobrist.com\">info@ginaobrist.com<\/a><br \/>\nMontag bis Freitag: 08.00 &#8211; 18.00 Uhr[\/vc_column_text][vc_empty_space height=&#8220;17px&#8220;]\r\n\t\t\t<div class=\"nm_btn_align_left\">\r\n\t\t\t\t<a href=\"https:\/\/ginaobrist.com\/de\/kontakt\/\" class=\"nm_btn nm_btn_sm nm_btn_filled\" title=\"Kontakt\">\r\n\t\t\t\t\t<span class=\"nm_btn_title\">Kontaktseite<\/span>\r\n\t\t\t\t\t<span class=\"nm_btn_bg\"><\/span>\r\n\t\t\t\t<\/a>\r\n\t\t\t<\/div>[\/vc_column][\/vc_row][vc_row][vc_column][vc_empty_space height=&#8220;100&#8243;][\/vc_column][\/vc_row]<\/p>\n<\/div>","protected":false},"excerpt":{"rendered":"<p>[vc_row][vc_column][vc_empty_space height=&#8220;47px&#8220;][vc_column_text css=&#8220;&#8220;] Regionale Unternehmensberatung f\u00fcr wirkungsvolle Transformation. Menschen, Ziele und Leistung im Einklang. [\/vc_column_text][vc_empty_space height=&#8220;43px&#8220;][\/vc_column][\/vc_row][vc_row type=&#8220;boxed&#8220;][vc_column][\/vc_column][\/vc_row][vc_row type=&#8220;boxed&#8220;][vc_column][vc_empty_space height=&#8220;47px&#8220;][\/vc_column][\/vc_row][vc_row type=&#8220;boxed&#8220;][vc_column width=&#8220;1\/4&#8243; offset=&#8220;vc_col-sm-offset-1&#8243;][vc_column_text css=&#8220;&#8220;] Angebot [\/vc_column_text][vc_empty_space height=&#8220;17px&#8220;][\/vc_column][vc_column width=&#8220;7\/12&#8243;][vc_column_text css=&#8220;&#8220;]Ich bin eine Unternehmens- und Strategieberaterin aus Biel mit fundierter und langj\u00e4hriger Arbeitserfahrung in Kommunikation, Marketing, Leadership und Organisationsentwicklung. Ich verf\u00fcge \u00fcber einen Bachelorabschluss in Medien- und Kommunikationswissenschaften &hellip;<\/p>\n","protected":false},"author":1,"featured_media":0,"parent":0,"menu_order":0,"comment_status":"closed","ping_status":"closed","template":"","meta":{"footnotes":""},"class_list":["post-1683","page","type-page","status-publish","hentry"],"_links":{"self":[{"href":"https:\/\/ginaobrist.com\/de\/wp-json\/wp\/v2\/pages\/1683","targetHints":{"allow":["GET"]}}],"collection":[{"href":"https:\/\/ginaobrist.com\/de\/wp-json\/wp\/v2\/pages"}],"about":[{"href":"https:\/\/ginaobrist.com\/de\/wp-json\/wp\/v2\/types\/page"}],"author":[{"embeddable":true,"href":"https:\/\/ginaobrist.com\/de\/wp-json\/wp\/v2\/users\/1"}],"replies":[{"embeddable":true,"href":"https:\/\/ginaobrist.com\/de\/wp-json\/wp\/v2\/comments?post=1683"}],"version-history":[{"count":22,"href":"https:\/\/ginaobrist.com\/de\/wp-json\/wp\/v2\/pages\/1683\/revisions"}],"predecessor-version":[{"id":1792,"href":"https:\/\/ginaobrist.com\/de\/wp-json\/wp\/v2\/pages\/1683\/revisions\/1792"}],"wp:attachment":[{"href":"https:\/\/ginaobrist.com\/de\/wp-json\/wp\/v2\/media?parent=1683"}],"curies":[{"name":"wp","href":"https:\/\/api.w.org\/{rel}","templated":true}]}}