{"id":1735,"date":"2024-12-13T13:28:53","date_gmt":"2024-12-13T12:28:53","guid":{"rendered":"https:\/\/ginaobrist.com\/datenschutzerklaerung\/"},"modified":"2026-04-15T18:30:57","modified_gmt":"2026-04-15T16:30:57","slug":"datenschutzerklaerung","status":"publish","type":"page","link":"https:\/\/ginaobrist.com\/de\/datenschutzerklaerung\/","title":{"rendered":"Datenschutzerkl\u00e4rung"},"content":{"rendered":"<div class=\"wpb-content-wrapper\"><p>[vc_row][vc_column][vc_empty_space height=&#8220;47px&#8220;][vc_column_text css=&#8220;&#8220;]<\/p>\n<h1><strong>Datenschutzerkl\u00e4rung<\/strong><\/h1>\n<p>Der transparente Umgang mit personenbezogenen Daten ist uns ein besonderes Anliegen. Diese Datenschutzerkl\u00e4rung informiert dar\u00fcber, welche personenbezogenen Daten wir erheben, zu welchen Zwecken wir sie verwenden und an wen wir sie weitergeben. Wir \u00fcberpr\u00fcfen und aktualisieren diese Erkl\u00e4rung regelm\u00e4\u00dfig, um eine gr\u00f6\u00dftm\u00f6gliche Transparenz zu gew\u00e4hrleisten.  <\/p>\n<p><strong>Verantwortliche Stelle<\/strong><\/p>\n<p>Verantwortlich im Sinne des schweizerischen Datenschutzrechts ist:<\/p>\n<p>Gina Obrist<br \/>\nIndustriegasse 10<br \/>\n2502 Biel<br \/>\nE-mail: info@ginaobrist.com<\/p>\n<p><strong>Wie wir personenbezogene Daten erfassen<\/strong><\/p>\n<p>Wir erfassen Informationen \u00fcber unsere Nutzer, wenn sie unsere Website oder unsere Dienstleistungen nutzen, einschliesslich bestimmter Aktionen auf der Website.<\/p>\n<p><strong>Direkt<\/strong><\/p>\n<ul>\n<li>wenn Sie unsere Dienste nutzen<\/li>\n<li>wenn Sie elektronisch mit uns in Kontakt treten<\/li>\n<li>wenn Sie unsere Website besuchen, ein Formular ausf\u00fcllen, unseren Newsletter abonnieren, eine Anfrage stellen oder anderweitig mit uns interagieren<\/li>\n<\/ul>\n<p><strong>Indirekt<\/strong><\/p>\n<ul>\n<li>\u00fcber \u00f6ffentliche Quellen; aus \u00f6ffentlichen Registern (z. B. Handelsregister), Nachrichtenartikeln und Internetrecherchen<\/li>\n<li>von Dritten wie sozialen Medien und Drittanbieter-Cookies<\/li>\n<\/ul>\n<p><strong>Welche Daten wir erfassen<\/strong><\/p>\n<p>Beim Besuch unserer Website werden bestimmte Daten automatisch auf unseren Servern oder auf Servern von Dienstleistungen und Produkten gespeichert, die wir nutzen und\/oder installiert haben. Dies erfolgt zu Zwecken der Systemadministration, statistischen Auswertung, Sicherheit oder Nachverfolgung. Dazu geh\u00f6ren: <\/p>\n<ul>\n<li>Der Name Ihres Serviceproviders<\/li>\n<li>Ihre IP-Adresse<\/li>\n<li>Die Version Ihrer Browsersoftware<\/li>\n<li>das Betriebssystem des Computers, mit dem auf die URL zugegriffen wird<\/li>\n<li>Datum und Uhrzeit des Zugriffs<\/li>\n<li>Die Webseite, von der aus Sie die URL besuchen<\/li>\n<li>Die Suchbegriffe, mit denen Sie unsere URL fanden<\/li>\n<\/ul>\n<p><strong>Contact Information<\/strong><\/p>\n<p>Sie haben die M\u00f6glichkeit, uns per E-Mail oder Telefon zu kontaktieren. Wenn Sie mit uns Kontakt aufnehmen, werden folgende Daten verarbeitet: <\/p>\n<ul>\n<li>Anfragedaten (z. B. Details Ihrer Anfrage und zugeh\u00f6rige Kommunikation)<\/li>\n<li>Kontaktdaten (z. B. Name, Adresse, E-Mail-Adressen, Telefonnummern)<\/li>\n<li>Vertragsdaten (z. B. Kontonummern, Rechnungen, bestellte Produkte)<\/li>\n<li>Bewerbungsdaten (z. B. Angaben zu Ihrer Bewerbung und zugeh\u00f6rige Kommunikation)<\/li>\n<\/ul>\n<p><strong>Cookies<\/strong><\/p>\n<p>Unsere Website verwendet Cookies. Cookies sind Datens\u00e4tze, die \u00fcber Ihren Browser auf dem Betriebssystem Ihres Ger\u00e4ts gespeichert werden, wenn Sie unsere Website besuchen. Cookies richten keinen Schaden an und enthalten keine Viren.  <\/p>\n<p>Die meisten von uns verwendeten Cookies sind sogenannte \u201eSession-Cookies\u201c, die nach Ihrem Besuch automatisch gel\u00f6scht werden. Andere Cookies bleiben auf Ihrem Ger\u00e4t gespeichert, bis Sie diese l\u00f6schen. Diese Cookies erm\u00f6glichen es uns, Ihren Browser beim n\u00e4chsten Besuch wiederzuerkennen und bestimmte Einstellungen (z. B. Sprache oder Standort) zu speichern.   <\/p>\n<p><strong>Wie Sie die Datenerfassung durch Cookies verhindern k\u00f6nnen<\/strong><\/p>\n<p>Cookies werden auf Ihrem Ger\u00e4t gespeichert. Sie haben die volle Kontrolle \u00fcber deren Verwendung. Sie k\u00f6nnen Cookies vollst\u00e4ndig l\u00f6schen oder die \u00dcbertragung durch entsprechende Einstellungen in Ihrem Browser deaktivieren oder einschr\u00e4nken. Wenn Cookies f\u00fcr unsere Website deaktiviert werden, stehen m\u00f6glicherweise nicht mehr alle Funktionen vollst\u00e4ndig zur Verf\u00fcgung.   <\/p>\n<p><strong>Zwecke der Datenverarbeitung<\/strong><\/p>\n<p>Wir verarbeiten Ihre Daten zu folgenden Zwecken:<\/p>\n<ul>\n<li>Bereitstellung der Website\n<p>Verbesserung und Weiterentwicklung unserer Dienstleistungen<\/li>\n<li>Allgemeine Kommunikation mit Ihnen<\/li>\n<li>Auswertung von Nutzungsstatistiken<\/li>\n<li>Verbesserung und Weiterentwicklung unserer Dienstleistungen<\/li>\n<li>Analyse und Optimierung der Website-Nutzung<\/li>\n<li>Sicherheitszwecke<\/li>\n<li>Einhaltung gesetzlicher oder regulatorischer Anforderungen<\/li>\n<\/ul>\n<p><strong>Datenweitergabe an Dritte<\/strong><\/p>\n<p>F\u00fcr die oben genannten Zwecke geben wir Ihre Daten auch an Dienstleister weiter, wie z. B. IT-Anbieter, Zahlungsanbieter oder Anbieter der unten genannten Tools. Zudem \u00fcbermitteln wir Daten an Beh\u00f6rden, sofern wir gesetzlich dazu verpflichtet sind. <\/p>\n<p><strong>Daten\u00fcbermittlung ins Ausland<\/strong><\/p>\n<p>Im Zusammenhang mit der Weitergabe von Daten an Dritte kann es vorkommen, dass Ihre Daten nicht nur in der Schweiz verarbeitet werden. Entspricht das Datenschutzniveau im Empf\u00e4ngerland nicht dem der Schweiz, stellen wir durch geeignete Ma\u00dfnahmen sicher, dass die \u00dcbermittlung zul\u00e4ssig ist (z. B. durch Standardvertragsklauseln der EU oder andere gesetzlich vorgesehene M\u00f6glichkeiten wie Vertragserf\u00fcllung oder Ihre Einwilligung). <\/p>\n<p><strong>Dauer der Datenverarbeitung<\/strong><\/p>\n<p>Grunds\u00e4tzlich werden Daten gel\u00f6scht, sobald der Zweck erf\u00fcllt ist und keine gesetzlichen Aufbewahrungspflichten mehr bestehen.<\/p>\n<p><strong>Datensicherheit<\/strong><\/p>\n<p>Wir setzen technische und organisatorische Sicherheitsma\u00dfnahmen ein, um Ihre Daten vor unbefugtem Zugriff, Verlust oder Manipulation zu sch\u00fctzen.<\/p>\n<p><strong>Ihre Rechte<\/strong><\/p>\n<p>Sie haben folgende Rechte im Bereich Datenschutz. Zur Aus\u00fcbung dieser Rechte k\u00f6nnen Sie uns unter der oben genannten Adresse oder per E-Mail an info@ginaobrist.com kontaktieren. Bitte beachten Sie, dass wir gegebenenfalls Ihre Identit\u00e4t \u00fcberpr\u00fcfen m\u00fcssen.  <\/p>\n<ul>\n<li>Recht auf Auskunft: Sie haben das Recht, eine Kopie Ihrer personenbezogenen Daten zu erhalten (in elektronischer Form).<\/li>\n<li>Recht auf Berichtigung: Sie k\u00f6nnen die Korrektur unrichtiger oder unvollst\u00e4ndiger Daten verlangen.<\/li>\n<li>Recht auf Widerruf der Einwilligung: Sie k\u00f6nnen eine erteilte Einwilligung jederzeit f\u00fcr die Zukunft widerrufen.   <\/li>\n<li>Recht auf L\u00f6schung: Sie k\u00f6nnen die L\u00f6schung Ihrer Daten verlangen, sofern diese nicht mehr erforderlich sind oder unrechtm\u00e4\u00dfig verarbeitet wurden.<\/li>\n<li>Recht auf Einschr\u00e4nkung der Verarbeitung: Sie k\u00f6nnen die Einschr\u00e4nkung der Verarbeitung verlangen, wenn bestimmte Voraussetzungen vorliegen.<\/li>\n<li>Recht auf Daten\u00fcbertragbarkeit: Sie k\u00f6nnen verlangen, dass wir Ihre Daten in einem g\u00e4ngigen Format (z. B. Excel) an Sie oder einen anderen Verantwortlichen \u00fcbermitteln.<\/li>\n<li>Widerspruchsrecht: Sie k\u00f6nnen der Verarbeitung widersprechen, sofern diese auf berechtigtem Interesse beruht. <\/li>\n<li>Beschwerderecht: Sie k\u00f6nnen sich bei einer Datenschutzaufsichtsbeh\u00f6rde beschweren, z. B. beim Eidgen\u00f6ssischen Datenschutz- und \u00d6ffentlichkeitsbeauftragten (ED\u00d6B), Feldeggweg 1, CH \u2013 3003 Bern, info@edoeb.admin.ch. <\/li>\n<\/ul>\n<p><strong>Welche Dienstleistungen \/ Tools wir brauchen<\/strong><\/p>\n<p><strong>Google<\/strong><\/p>\n<p>Unsere Website nutzt Dienste der Google Ireland Limited, Gordon House, Barrow Street, Dublin 4, Irland, einschlie\u00dflich Google Fonts und Google Maps. <\/p>\n<p><strong>Google Fonts<\/strong><\/p>\n<p>Zur einheitlichen Darstellung von Schriftarten verwenden wir Google Fonts. Beim Laden der Website wird eine Verbindung zu Google-Servern hergestellt, wodurch Google erf\u00e4hrt, dass Ihre IP-Adresse unsere Website aufgerufen hat. Hier finden Sie <a href=\"https:\/\/policies.google.com\/privacy\">Datenschutzerkl\u00e4rung von Google.<\/a>   <\/p>\n<p><strong>Google Maps<\/strong><\/p>\n<p>Zur Einbindung von Kartenmaterial wird Google Maps verwendet. Dabei wird ebenfalls eine Verbindung zu Google-Servern hergestellt, wodurch Informationen \u00fcber Ihren Besuch \u00fcbermittelt werden.<br \/>Weitere Informationen finden Sie in der <a href=\"https:\/\/policies.google.com\/privacy\">Datenschutzerkl\u00e4rung<\/a> von Google.  <\/p>\n<p><strong>\u00c4nderungen der Datenschutzerkl\u00e4rung<\/strong><\/p>\n<p>Wir behalten uns das Recht vor, diese Datenschutzerkl\u00e4rung jederzeit zu \u00e4ndern. Bitte \u00fcberpr\u00fcfen Sie regelm\u00e4\u00dfig den aktuellen Inhalt.[\/vc_column_text][vc_empty_space height=&#8220;47px&#8220;][vc_empty_space height=&#8220;47px&#8220;][\/vc_column][\/vc_row]<\/p>\n<\/div>","protected":false},"excerpt":{"rendered":"<p>[vc_row][vc_column][vc_empty_space height=&#8220;47px&#8220;][vc_column_text css=&#8220;&#8220;] Datenschutzerkl\u00e4rung Der transparente Umgang mit personenbezogenen Daten ist uns ein besonderes Anliegen. Diese Datenschutzerkl\u00e4rung informiert dar\u00fcber, welche personenbezogenen Daten wir erheben, zu welchen Zwecken wir sie verwenden und an wen wir sie weitergeben. Wir \u00fcberpr\u00fcfen und aktualisieren diese Erkl\u00e4rung regelm\u00e4\u00dfig, um eine gr\u00f6\u00dftm\u00f6gliche Transparenz zu gew\u00e4hrleisten. Verantwortliche Stelle Verantwortlich im Sinne des &hellip;<\/p>\n","protected":false},"author":1,"featured_media":0,"parent":0,"menu_order":0,"comment_status":"closed","ping_status":"closed","template":"","meta":{"footnotes":""},"class_list":["post-1735","page","type-page","status-publish","hentry"],"_links":{"self":[{"href":"https:\/\/ginaobrist.com\/de\/wp-json\/wp\/v2\/pages\/1735","targetHints":{"allow":["GET"]}}],"collection":[{"href":"https:\/\/ginaobrist.com\/de\/wp-json\/wp\/v2\/pages"}],"about":[{"href":"https:\/\/ginaobrist.com\/de\/wp-json\/wp\/v2\/types\/page"}],"author":[{"embeddable":true,"href":"https:\/\/ginaobrist.com\/de\/wp-json\/wp\/v2\/users\/1"}],"replies":[{"embeddable":true,"href":"https:\/\/ginaobrist.com\/de\/wp-json\/wp\/v2\/comments?post=1735"}],"version-history":[{"count":8,"href":"https:\/\/ginaobrist.com\/de\/wp-json\/wp\/v2\/pages\/1735\/revisions"}],"predecessor-version":[{"id":1746,"href":"https:\/\/ginaobrist.com\/de\/wp-json\/wp\/v2\/pages\/1735\/revisions\/1746"}],"wp:attachment":[{"href":"https:\/\/ginaobrist.com\/de\/wp-json\/wp\/v2\/media?parent=1735"}],"curies":[{"name":"wp","href":"https:\/\/api.w.org\/{rel}","templated":true}]}}